{"id":151,"date":"2014-08-24T17:28:24","date_gmt":"2014-08-24T15:28:24","guid":{"rendered":"http:\/\/192.168.1.104\/enfold-blog\/?page_id=13"},"modified":"2026-02-08T06:52:07","modified_gmt":"2026-02-08T05:52:07","slug":"contacto","status":"publish","type":"page","link":"https:\/\/rawahelspain.com\/ar\/contacto\/","title":{"rendered":"\u0627\u062a\u0635\u0644 \u0628\u0646\u0627"},"content":{"rendered":"<style type=\"text\/css\" data-created_by=\"avia_inline_auto\" id=\"style-css-av-lo7eaxa1-56f9a198ce717b066d7a2b29bb9afd63\">\n.avia-section.av-lo7eaxa1-56f9a198ce717b066d7a2b29bb9afd63{\nbackground-color:#1d5672;\nbackground-image:unset;\n}\n<\/style>\n<div id='av_section_1'  class='avia-section av-lo7eaxa1-56f9a198ce717b066d7a2b29bb9afd63 main_color avia-section-default avia-no-border-styling  avia-builder-el-0  el_before_av_layout_row  avia-builder-el-first  avia-bg-style-scroll av-minimum-height av-minimum-height-25 av-height-25  container_wrap sidebar_right'   data-av_minimum_height_pc='25' data-av_min_height_opt='25'><div class='container av-section-cont-open' ><main  role=\"main\" itemprop=\"mainContentOfPage\"  class='template-page content  av-content-small alpha units'><div class='post-entry post-entry-type-page post-entry-151'><div class='entry-content-wrapper clearfix'>\n<style type=\"text\/css\" data-created_by=\"avia_inline_auto\" id=\"style-css-av-lo7cx7kt-3517f0d37f89ba1a228d5b1a468711bb\">\n#top .av-special-heading.av-lo7cx7kt-3517f0d37f89ba1a228d5b1a468711bb{\npadding-bottom:10px;\ncolor:#ffffff;\nfont-size:45px;\n}\nbody .av-special-heading.av-lo7cx7kt-3517f0d37f89ba1a228d5b1a468711bb .av-special-heading-tag .heading-char{\nfont-size:25px;\n}\n#top #wrap_all .av-special-heading.av-lo7cx7kt-3517f0d37f89ba1a228d5b1a468711bb .av-special-heading-tag{\nfont-size:45px;\n}\n.av-special-heading.av-lo7cx7kt-3517f0d37f89ba1a228d5b1a468711bb .special-heading-inner-border{\nborder-color:#ffffff;\n}\n.av-special-heading.av-lo7cx7kt-3517f0d37f89ba1a228d5b1a468711bb .av-subheading{\nfont-size:15px;\n}\n\n@media only screen and (min-width: 480px) and (max-width: 767px){ \n#top #wrap_all .av-special-heading.av-lo7cx7kt-3517f0d37f89ba1a228d5b1a468711bb .av-special-heading-tag{\nfont-size:0.8em;\n}\n}\n\n@media only screen and (max-width: 479px){ \n#top #wrap_all .av-special-heading.av-lo7cx7kt-3517f0d37f89ba1a228d5b1a468711bb .av-special-heading-tag{\nfont-size:0.8em;\n}\n}\n<\/style>\n<div  class='av-special-heading av-lo7cx7kt-3517f0d37f89ba1a228d5b1a468711bb av-special-heading-h2 custom-color-heading blockquote modern-quote modern-centered  avia-builder-el-1  avia-builder-el-no-sibling  av-inherit-size'><h2 class='av-special-heading-tag'  itemprop=\"headline\"  >\u0627\u062a\u0635\u0644 \u0628\u0640 \u0631\u0648\u0627\u062d\u0644 \u0625\u0633\u0628\u0627\u0646\u064a\u0627<\/h2><div class=\"special-heading-border\"><div class=\"special-heading-inner-border\"><\/div><\/div><\/div>\n<\/div><\/div><\/main><!-- close content main element --><\/div><\/div><div id='av-layout-grid-1'  class='av-layout-grid-container av-bej2ev-a21db2900d53261e6da8bb990e7c3559 entry-content-wrapper main_color av-flex-cells  avia-builder-el-2  el_after_av_section  el_before_av_layout_row  grid-row-not-first  container_wrap sidebar_right'  >\n\n<style type=\"text\/css\" data-created_by=\"avia_inline_auto\" id=\"style-css-av-b4emtb-1df73bb6ce8c6ed6ce584f6bee527c9f\">\n.flex_cell.av-b4emtb-1df73bb6ce8c6ed6ce584f6bee527c9f{\nvertical-align:middle;\n}\n.responsive #top #wrap_all .flex_cell.av-b4emtb-1df73bb6ce8c6ed6ce584f6bee527c9f{\npadding:0px 0px 0px 0px !important;\n}\n<\/style>\n<div class='flex_cell av-b4emtb-1df73bb6ce8c6ed6ce584f6bee527c9f av-gridrow-cell av_one_half no_margin  avia-builder-el-3  el_before_av_cell_one_half  avia-builder-el-first  av-zero-padding'  ><div class='flex_cell_inner'>\n<\/div><\/div>\n<style type=\"text\/css\" data-created_by=\"avia_inline_auto\" id=\"style-css-av-9wx7vj-c232365900ebc2e7714adbc652b7e8dc\">\n.flex_cell.av-9wx7vj-c232365900ebc2e7714adbc652b7e8dc{\nvertical-align:middle;\n}\n.responsive #top #wrap_all .flex_cell.av-9wx7vj-c232365900ebc2e7714adbc652b7e8dc{\npadding:50px 50px 50px 50px !important;\n}\n<\/style>\n<div class='flex_cell av-9wx7vj-c232365900ebc2e7714adbc652b7e8dc av-gridrow-cell av_one_half no_margin  avia-builder-el-5  el_after_av_cell_one_half  avia-builder-el-last'  ><div class='flex_cell_inner'><p>\n<style type=\"text\/css\" data-created_by=\"avia_inline_auto\" id=\"style-css-av-9qihjr-96d96ce1acca649f5ce14890c3f0a014\">\n#top .av-special-heading.av-9qihjr-96d96ce1acca649f5ce14890c3f0a014{\npadding-bottom:10px;\nfont-size:34px;\n}\nbody .av-special-heading.av-9qihjr-96d96ce1acca649f5ce14890c3f0a014 .av-special-heading-tag .heading-char{\nfont-size:25px;\n}\n#top #wrap_all .av-special-heading.av-9qihjr-96d96ce1acca649f5ce14890c3f0a014 .av-special-heading-tag{\nfont-size:34px;\n}\n.av-special-heading.av-9qihjr-96d96ce1acca649f5ce14890c3f0a014 .av-subheading{\nfont-size:15px;\n}\n\n@media only screen and (min-width: 480px) and (max-width: 767px){ \n#top #wrap_all .av-special-heading.av-9qihjr-96d96ce1acca649f5ce14890c3f0a014 .av-special-heading-tag{\nfont-size:0.8em;\n}\n}\n\n@media only screen and (max-width: 479px){ \n#top #wrap_all .av-special-heading.av-9qihjr-96d96ce1acca649f5ce14890c3f0a014 .av-special-heading-tag{\nfont-size:0.8em;\n}\n}\n<\/style>\n<div  class='av-special-heading av-9qihjr-96d96ce1acca649f5ce14890c3f0a014 av-special-heading-h2 blockquote modern-quote modern-centered  avia-builder-el-6  el_before_av_textblock  avia-builder-el-first  av-inherit-size'><h2 class='av-special-heading-tag'  itemprop=\"headline\"  >\u0644\u0644\u062a\u062d\u062f\u062b \u0645\u0639\u0646\u0627<\/h2><div class=\"special-heading-border\"><div class=\"special-heading-inner-border\"><\/div><\/div><\/div><br \/>\n\n<style type=\"text\/css\" data-created_by=\"avia_inline_auto\" id=\"style-css-av-9hr2lz-6debb6099f2969037932dd6e3fabfc97\">\n#top .av_textblock_section.av-9hr2lz-6debb6099f2969037932dd6e3fabfc97 .avia_textblock{\nfont-size:15px;\n}\n<\/style>\n<section  class='av_textblock_section av-9hr2lz-6debb6099f2969037932dd6e3fabfc97'   itemscope=\"itemscope\" itemtype=\"https:\/\/schema.org\/CreativeWork\" ><div class='avia_textblock'  itemprop=\"text\" ><p>\u0646\u062d\u0646 \u0647\u0646\u0627 \u0644\u0644\u0625\u062c\u0627\u0628\u0629 \u0639\u0644\u0649 \u0627\u0633\u062a\u0641\u0633\u0627\u0631\u0627\u062a\u0643 \u0648\u062a\u0644\u0628\u064a\u0629 \u0627\u062d\u062a\u064a\u0627\u062c\u0627\u062a\u0643. \u0627\u062a\u0631\u0643 \u0644\u0646\u0627 \u0631\u0633\u0627\u0644\u0629 \u0648\u0633\u0646\u0643\u0648\u0646 \u0633\u0639\u062f\u0627\u0621 \u0628\u0627\u0644\u062a\u0648\u0627\u0635\u0644 \u0645\u0639\u0643 \u0641\u064a \u0623\u0642\u0631\u0628 \u0648\u0642\u062a \u0645\u0645\u0643\u0646.<\/p>\n<\/div><\/section><br \/>\n\n<style type=\"text\/css\" data-created_by=\"avia_inline_auto\" id=\"style-css-av-8eoghr-79a71e7b10180d0d8626a9ff9c82bf7d\">\n#top .hr.hr-invisible.av-8eoghr-79a71e7b10180d0d8626a9ff9c82bf7d{\nheight:30px;\n}\n<\/style>\n<div  class='hr av-8eoghr-79a71e7b10180d0d8626a9ff9c82bf7d hr-invisible  avia-builder-el-8  el_after_av_textblock  el_before_av_contact'><span class='hr-inner'><span class=\"hr-inner-style\"><\/span><\/span><\/div><br \/>\n<form action=\"\/ar\/contacto\/\" method=\"post\" data-fields-with-error=\"Found errors in the following field(s):\" class=\"avia_ajax_form av-form-labels-hidden   avia-builder-el-9  el_after_av_hr  avia-builder-el-last\" data-avia-form-id=\"1\" data-avia-redirect='' data-trp-original-action=\"https:\/\/rawahelspain.com\/ar\/contacto\/\" ><h3 class=''>\u0646\u0645\u0648\u0630\u062c \u0627\u0644\u0627\u062a\u0635\u0627\u0644<\/h3><fieldset><p class='first_form  form_element form_fullwidth' id='element_avia_1_1'><label for=\"avia_1_1\">\u0627\u0644\u0625\u0633\u0645 <abbr class=\"required\" title=\"required\">*<\/abbr><\/label> <input name=\"avia_1_1\" class=\"text_input is_empty\" type=\"text\" id=\"avia_1_1\" value=\"\"  placeholder='\u0627\u0644\u0625\u0633\u0645*'\/><\/p><p class='first_form  form_element form_fullwidth' id='element_avia_2_1'><label for=\"avia_2_1\">E-Mail <abbr class=\"required\" title=\"required\">*<\/abbr><\/label> <input name=\"avia_2_1\" class=\"text_input is_email\" type=\"text\" id=\"avia_2_1\" value=\"\"  placeholder='\u0627\u0644\u0628\u0631\u064a\u062f \u0627\u0644\u0625\u0644\u0643\u062a\u0631\u0648\u0646\u064a*'\/><\/p><p class='first_form  form_element form_fullwidth' id='element_avia_3_1'><label for=\"avia_3_1\">\u0627\u0644\u0645\u0648\u0636\u0648\u0639<\/label> <input name=\"avia_3_1\" class=\"text_input\" type=\"text\" id=\"avia_3_1\" value=\"\"  placeholder='\u0627\u0644\u0645\u0648\u0636\u0648\u0639'\/><\/p><p class='first_form  form_element form_fullwidth av-last-visible-form-element' id='element_avia_4_1'><label for=\"avia_4_1\" class=\"textare_label hidden textare_label_avia_4_1\">Mensaje <abbr class=\"required\" title=\"required\">*<\/abbr><\/label><textarea  placeholder='\u0627\u0644\u0631\u0633\u0627\u0644\u0629*' name=\"avia_4_1\" class=\"text_area is_empty\" cols=\"40\" rows=\"7\" id=\"avia_4_1\" ><\/textarea><\/p><p class=\"hidden\"><input type=\"text\" name=\"avia_5_1\" class=\"hidden\" id=\"avia_5_1\" value=\"\" \/><\/p><p class=\"form_element\"><input type=\"hidden\" value=\"1\" name=\"avia_generated_form1\" \/><input type=\"submit\" value=\"\u0625\u0631\u0633\u0627\u0644\" class=\"button\"  data-sending-label=\"Sending\"\/><\/p><\/fieldset><input type=\"hidden\" name=\"trp-form-language\" value=\"ar\"\/><\/form><div id=\"ajaxresponse_1\" class=\"ajaxresponse ajaxresponse_1 hidden\"><\/div><\/p>\n<\/div><\/div><\/div><div id='av-layout-grid-2'  class='av-layout-grid-container av-7b7crr-9ea2d6c23dfc03a2359f78a0ec001ea2 entry-content-wrapper alternate_color av-flex-cells  avia-builder-el-10  el_after_av_layout_row  avia-builder-el-last  grid-row-not-first  container_wrap sidebar_right'  >\n\n<style type=\"text\/css\" data-created_by=\"avia_inline_auto\" id=\"style-css-av-lo7ek3ra-20b7858683814ccbe76ac7c11a1cdce5\">\n.flex_cell.av-lo7ek3ra-20b7858683814ccbe76ac7c11a1cdce5{\nvertical-align:middle;\nbackground-color:#ffffff;\n}\n.responsive #top #wrap_all .flex_cell.av-lo7ek3ra-20b7858683814ccbe76ac7c11a1cdce5{\npadding:90px 50px 90px 210px !important;\n}\n<\/style>\n<div class='flex_cell av-lo7ek3ra-20b7858683814ccbe76ac7c11a1cdce5 av-gridrow-cell av_one_half no_margin  avia-builder-el-11  el_before_av_cell_one_half  avia-builder-el-first  avia-full-stretch'  ><div class='flex_cell_inner'><\/div><\/div>\n<style type=\"text\/css\" data-created_by=\"avia_inline_auto\" id=\"style-css-av-lo7ekfei-c86baf5fc4460d494e35f86237c488f4\">\n.flex_cell.av-lo7ekfei-c86baf5fc4460d494e35f86237c488f4{\nvertical-align:middle;\nbackground-color:#ffffff;\n}\n.responsive #top #wrap_all .flex_cell.av-lo7ekfei-c86baf5fc4460d494e35f86237c488f4{\npadding:90px 50px 90px 50px !important;\n}\n<\/style>\n<div class='flex_cell av-lo7ekfei-c86baf5fc4460d494e35f86237c488f4 av-gridrow-cell av_one_half no_margin  avia-builder-el-12  el_after_av_cell_one_half  avia-builder-el-last  avia-full-stretch'  ><div class='flex_cell_inner'><article  class='iconbox iconbox_top av-lon69rzw-dc1a706897a360ee2b93f0453ccffe4b  avia-builder-el-13  avia-builder-el-no-sibling  main_color'  itemscope=\"itemscope\" itemtype=\"https:\/\/schema.org\/CreativeWork\" ><div class=\"iconbox_content\"><header class=\"entry-content-header\" aria-label=\"Icon: Rawahel Spain Tudela\"><div class=\"iconbox_icon heading-color\" aria-hidden='true' data-av_icon='\uf232' data-av_iconfont='entypo-fontello'><\/div><h3 class='iconbox_content_title'  itemprop=\"headline\" >Rawahel Spain Tudela<\/h3><\/header><div class='iconbox_content_container'  itemprop=\"text\" ><ul>\n<li><strong>M\u00f3vil y WhatsApp:<\/strong> +34 603 112 531<\/li>\n<li><strong>Fijo:<\/strong> +34 948 410 770<\/li>\n<li><strong>Correo Electr\u00f3nico:<\/strong> tudela@rawahelspain.com<\/li>\n<li><strong>Direcci\u00f3n:<\/strong> Plaza de la estacion, Sn, bajo, 31500 Tudela, Navarra. (Dentro de la estaci\u00f3n\u00a0de\u00a0autobuses)<\/li>\n<\/ul>\n<\/div><\/div><footer class=\"entry-footer\"><\/footer><\/article>\n<\/div><\/div><\/div><\/p>","protected":false},"excerpt":{"rendered":"","protected":false},"author":2,"featured_media":0,"parent":0,"menu_order":0,"comment_status":"open","ping_status":"closed","template":"","meta":{"footnotes":""},"class_list":["post-151","page","type-page","status-publish","hentry"],"yoast_head":"<!-- This site is optimized with the Yoast SEO plugin v24.1 - https:\/\/yoast.com\/wordpress\/plugins\/seo\/ -->\n<title>Contacto - rawahelspain.com<\/title>\n<meta name=\"description\" content=\"Cont\u00e1ctanos para obtener m\u00e1s informaci\u00f3n sobre nuestros paquetes de viajes a Espa\u00f1a, Turqu\u00eda, Marruecos y m\u00e1s.\" \/>\n<meta name=\"robots\" content=\"index, follow, max-snippet:-1, max-image-preview:large, max-video-preview:-1\" \/>\n<link rel=\"canonical\" href=\"https:\/\/rawahelspain.com\/ar\/contacto\/\" \/>\n<meta property=\"og:locale\" content=\"ar_AR\" \/>\n<meta property=\"og:type\" content=\"article\" \/>\n<meta property=\"og:title\" content=\"Contacto - rawahelspain.com\" \/>\n<meta property=\"og:description\" content=\"Cont\u00e1ctanos para obtener m\u00e1s informaci\u00f3n sobre nuestros paquetes de viajes a Espa\u00f1a, Turqu\u00eda, Marruecos y m\u00e1s.\" \/>\n<meta property=\"og:url\" content=\"https:\/\/rawahelspain.com\/ar\/contacto\/\" \/>\n<meta property=\"og:site_name\" content=\"rawahelspain.com\" \/>\n<meta property=\"article:modified_time\" content=\"2026-02-08T05:52:07+00:00\" \/>\n<meta name=\"twitter:card\" content=\"summary_large_image\" \/>\n<meta name=\"twitter:label1\" content=\"\u0648\u0642\u062a \u0627\u0644\u0642\u0631\u0627\u0621\u0629 \u0627\u0644\u0645\u064f\u0642\u062f\u0651\u0631\" \/>\n\t<meta name=\"twitter:data1\" content=\"\u062f\u0642\u064a\u0642\u0629 \u0648\u0627\u062d\u062f\u0629\" \/>\n<script type=\"application\/ld+json\" class=\"yoast-schema-graph\">{\"@context\":\"https:\/\/schema.org\",\"@graph\":[{\"@type\":\"WebPage\",\"@id\":\"https:\/\/rawahelspain.com\/contacto\/\",\"url\":\"https:\/\/rawahelspain.com\/contacto\/\",\"name\":\"Contacto - rawahelspain.com\",\"isPartOf\":{\"@id\":\"https:\/\/rawahelspain.com\/#website\"},\"datePublished\":\"2014-08-24T15:28:24+00:00\",\"dateModified\":\"2026-02-08T05:52:07+00:00\",\"description\":\"Cont\u00e1ctanos para obtener m\u00e1s informaci\u00f3n sobre nuestros paquetes de viajes a Espa\u00f1a, Turqu\u00eda, Marruecos y m\u00e1s.\",\"breadcrumb\":{\"@id\":\"https:\/\/rawahelspain.com\/contacto\/#breadcrumb\"},\"inLanguage\":\"ar\",\"potentialAction\":[{\"@type\":\"ReadAction\",\"target\":[\"https:\/\/rawahelspain.com\/contacto\/\"]}]},{\"@type\":\"BreadcrumbList\",\"@id\":\"https:\/\/rawahelspain.com\/contacto\/#breadcrumb\",\"itemListElement\":[{\"@type\":\"ListItem\",\"position\":1,\"name\":\"Portada\",\"item\":\"https:\/\/rawahelspain.com\/\"},{\"@type\":\"ListItem\",\"position\":2,\"name\":\"Contacto\"}]},{\"@type\":\"WebSite\",\"@id\":\"https:\/\/rawahelspain.com\/#website\",\"url\":\"https:\/\/rawahelspain.com\/\",\"name\":\"rawahelspain.com\",\"description\":\"Agencia de viajes\",\"publisher\":{\"@id\":\"https:\/\/rawahelspain.com\/#organization\"},\"potentialAction\":[{\"@type\":\"SearchAction\",\"target\":{\"@type\":\"EntryPoint\",\"urlTemplate\":\"https:\/\/rawahelspain.com\/?s={search_term_string}\"},\"query-input\":{\"@type\":\"PropertyValueSpecification\",\"valueRequired\":true,\"valueName\":\"search_term_string\"}}],\"inLanguage\":\"ar\"},{\"@type\":\"Organization\",\"@id\":\"https:\/\/rawahelspain.com\/#organization\",\"name\":\"rawahelspain.com\",\"url\":\"https:\/\/rawahelspain.com\/\",\"logo\":{\"@type\":\"ImageObject\",\"inLanguage\":\"ar\",\"@id\":\"https:\/\/rawahelspain.com\/#\/schema\/logo\/image\/\",\"url\":\"http:\/\/rawahelspain.com\/wp-content\/uploads\/2023\/10\/kkhkhkh_Mesa-de-trabajo-1-copia-2.png\",\"contentUrl\":\"http:\/\/rawahelspain.com\/wp-content\/uploads\/2023\/10\/kkhkhkh_Mesa-de-trabajo-1-copia-2.png\",\"width\":642,\"height\":673,\"caption\":\"rawahelspain.com\"},\"image\":{\"@id\":\"https:\/\/rawahelspain.com\/#\/schema\/logo\/image\/\"}}]}<\/script>\n<!-- \/ Yoast SEO plugin. -->","yoast_head_json":{"title":"Contacto - rawahelspain.com","description":"Cont\u00e1ctanos para obtener m\u00e1s informaci\u00f3n sobre nuestros paquetes de viajes a Espa\u00f1a, Turqu\u00eda, Marruecos y m\u00e1s.","robots":{"index":"index","follow":"follow","max-snippet":"max-snippet:-1","max-image-preview":"max-image-preview:large","max-video-preview":"max-video-preview:-1"},"canonical":"https:\/\/rawahelspain.com\/ar\/contacto\/","og_locale":"ar_AR","og_type":"article","og_title":"Contacto - rawahelspain.com","og_description":"Cont\u00e1ctanos para obtener m\u00e1s informaci\u00f3n sobre nuestros paquetes de viajes a Espa\u00f1a, Turqu\u00eda, Marruecos y m\u00e1s.","og_url":"https:\/\/rawahelspain.com\/ar\/contacto\/","og_site_name":"rawahelspain.com","article_modified_time":"2026-02-08T05:52:07+00:00","twitter_card":"summary_large_image","twitter_misc":{"\u0648\u0642\u062a \u0627\u0644\u0642\u0631\u0627\u0621\u0629 \u0627\u0644\u0645\u064f\u0642\u062f\u0651\u0631":"\u062f\u0642\u064a\u0642\u0629 \u0648\u0627\u062d\u062f\u0629"},"schema":{"@context":"https:\/\/schema.org","@graph":[{"@type":"WebPage","@id":"https:\/\/rawahelspain.com\/contacto\/","url":"https:\/\/rawahelspain.com\/contacto\/","name":"Contacto - rawahelspain.com","isPartOf":{"@id":"https:\/\/rawahelspain.com\/#website"},"datePublished":"2014-08-24T15:28:24+00:00","dateModified":"2026-02-08T05:52:07+00:00","description":"Cont\u00e1ctanos para obtener m\u00e1s informaci\u00f3n sobre nuestros paquetes de viajes a Espa\u00f1a, Turqu\u00eda, Marruecos y m\u00e1s.","breadcrumb":{"@id":"https:\/\/rawahelspain.com\/contacto\/#breadcrumb"},"inLanguage":"ar","potentialAction":[{"@type":"ReadAction","target":["https:\/\/rawahelspain.com\/contacto\/"]}]},{"@type":"BreadcrumbList","@id":"https:\/\/rawahelspain.com\/contacto\/#breadcrumb","itemListElement":[{"@type":"ListItem","position":1,"name":"Portada","item":"https:\/\/rawahelspain.com\/"},{"@type":"ListItem","position":2,"name":"Contacto"}]},{"@type":"WebSite","@id":"https:\/\/rawahelspain.com\/#website","url":"https:\/\/rawahelspain.com\/","name":"rawahelspain.com","description":"Agencia de viajes","publisher":{"@id":"https:\/\/rawahelspain.com\/#organization"},"potentialAction":[{"@type":"SearchAction","target":{"@type":"EntryPoint","urlTemplate":"https:\/\/rawahelspain.com\/?s={search_term_string}"},"query-input":{"@type":"PropertyValueSpecification","valueRequired":true,"valueName":"search_term_string"}}],"inLanguage":"ar"},{"@type":"Organization","@id":"https:\/\/rawahelspain.com\/#organization","name":"rawahelspain.com","url":"https:\/\/rawahelspain.com\/","logo":{"@type":"ImageObject","inLanguage":"ar","@id":"https:\/\/rawahelspain.com\/#\/schema\/logo\/image\/","url":"http:\/\/rawahelspain.com\/wp-content\/uploads\/2023\/10\/kkhkhkh_Mesa-de-trabajo-1-copia-2.png","contentUrl":"http:\/\/rawahelspain.com\/wp-content\/uploads\/2023\/10\/kkhkhkh_Mesa-de-trabajo-1-copia-2.png","width":642,"height":673,"caption":"rawahelspain.com"},"image":{"@id":"https:\/\/rawahelspain.com\/#\/schema\/logo\/image\/"}}]}},"_links":{"self":[{"href":"https:\/\/rawahelspain.com\/ar\/wp-json\/wp\/v2\/pages\/151","targetHints":{"allow":["GET"]}}],"collection":[{"href":"https:\/\/rawahelspain.com\/ar\/wp-json\/wp\/v2\/pages"}],"about":[{"href":"https:\/\/rawahelspain.com\/ar\/wp-json\/wp\/v2\/types\/page"}],"author":[{"embeddable":true,"href":"https:\/\/rawahelspain.com\/ar\/wp-json\/wp\/v2\/users\/2"}],"replies":[{"embeddable":true,"href":"https:\/\/rawahelspain.com\/ar\/wp-json\/wp\/v2\/comments?post=151"}],"version-history":[{"count":31,"href":"https:\/\/rawahelspain.com\/ar\/wp-json\/wp\/v2\/pages\/151\/revisions"}],"predecessor-version":[{"id":4123,"href":"https:\/\/rawahelspain.com\/ar\/wp-json\/wp\/v2\/pages\/151\/revisions\/4123"}],"wp:attachment":[{"href":"https:\/\/rawahelspain.com\/ar\/wp-json\/wp\/v2\/media?parent=151"}],"curies":[{"name":"wp","href":"https:\/\/api.w.org\/{rel}","templated":true}]}}